{"id":13738,"date":"2022-06-08T16:02:08","date_gmt":"2022-06-08T14:02:08","guid":{"rendered":"https:\/\/flourish.se\/legal-information\/"},"modified":"2023-04-14T15:40:34","modified_gmt":"2023-04-14T13:40:34","slug":"legal-information","status":"publish","type":"page","link":"https:\/\/flourish.se\/en\/legal-information\/","title":{"rendered":"Legal information"},"content":{"rendered":"\t\t<div data-elementor-type=\"wp-page\" data-elementor-id=\"13738\" class=\"elementor elementor-13738 elementor-7362\" data-elementor-post-type=\"page\">\n\t\t\t\t\t\t<section class=\"elementor-section elementor-top-section elementor-element elementor-element-a9f96cc elementor-section-boxed elementor-section-height-default elementor-section-height-default\" data-id=\"a9f96cc\" data-element_type=\"section\" data-e-type=\"section\">\n\t\t\t\t\t\t<div class=\"elementor-container elementor-column-gap-default\">\n\t\t\t\t\t<div class=\"elementor-column elementor-col-100 elementor-top-column elementor-element elementor-element-1a66d39\" data-id=\"1a66d39\" data-element_type=\"column\" data-e-type=\"column\">\n\t\t\t<div class=\"elementor-widget-wrap elementor-element-populated\">\n\t\t\t\t\t\t<div class=\"elementor-element elementor-element-0b0f1a0 elementor-widget elementor-widget-heading\" data-id=\"0b0f1a0\" data-element_type=\"widget\" data-e-type=\"widget\" data-widget_type=\"heading.default\">\n\t\t\t\t<div class=\"elementor-widget-container\">\n\t\t\t\t\t<h1 class=\"elementor-heading-title elementor-size-default\">Legal information<\/h1>\t\t\t\t<\/div>\n\t\t\t\t<\/div>\n\t\t\t\t\t<\/div>\n\t\t<\/div>\n\t\t\t\t\t<\/div>\n\t\t<\/section>\n\t\t\t\t<section class=\"elementor-section elementor-top-section elementor-element elementor-element-d253233 elementor-section-boxed elementor-section-height-default elementor-section-height-default\" data-id=\"d253233\" data-element_type=\"section\" data-e-type=\"section\" data-settings=\"{&quot;background_background&quot;:&quot;classic&quot;,&quot;background_image&quot;:{&quot;url&quot;:&quot;&quot;,&quot;id&quot;:&quot;&quot;,&quot;size&quot;:&quot;&quot;}}\">\n\t\t\t\t\t\t<div class=\"elementor-container elementor-column-gap-default\">\n\t\t\t\t\t<div class=\"elementor-column elementor-col-100 elementor-top-column elementor-element elementor-element-fa05c9a\" data-id=\"fa05c9a\" data-element_type=\"column\" data-e-type=\"column\" data-settings=\"{&quot;background_background&quot;:&quot;classic&quot;}\">\n\t\t\t<div class=\"elementor-widget-wrap elementor-element-populated\">\n\t\t\t\t\t\t<div class=\"elementor-element elementor-element-9e561b1 elementor-widget elementor-widget-heading\" data-id=\"9e561b1\" data-element_type=\"widget\" data-e-type=\"widget\" data-widget_type=\"heading.default\">\n\t\t\t\t<div class=\"elementor-widget-container\">\n\t\t\t\t\t<h3 class=\"elementor-heading-title elementor-size-default\">ORGANIZATIONAL INFORMATION<\/h3>\t\t\t\t<\/div>\n\t\t\t\t<\/div>\n\t\t\t\t<div class=\"elementor-element elementor-element-2300d27 elementor-widget elementor-widget-text-editor\" data-id=\"2300d27\" data-element_type=\"widget\" data-e-type=\"widget\" data-widget_type=\"text-editor.default\">\n\t\t\t\t<div class=\"elementor-widget-container\">\n\t\t\t\t\t\t\t\t\t<p><strong>Jumx Tech AB<\/strong><br \/>Swedish Organization Number: 559173-6482<br \/>VAT: SE559173648201<\/p>\n<p><strong>Visiting Address:<\/strong><br \/>Founders loft<br \/>Vera Sandbergs All\u00e9 5B<br \/>411 33 G\u00f6teborg<\/p>\n<p><strong>Postal Address:<\/strong><br \/>Flourish, Founders loft, Vera Sandbergs All\u00e9 5B, 411 33 G\u00f6teborg<\/p>\n\t\t\t\t\t\t\t\t<\/div>\n\t\t\t\t<\/div>\n\t\t\t\t\t<\/div>\n\t\t<\/div>\n\t\t\t\t\t<\/div>\n\t\t<\/section>\n\t\t\t\t<section class=\"elementor-section elementor-top-section elementor-element elementor-element-253afd3 elementor-section-boxed elementor-section-height-default elementor-section-height-default\" data-id=\"253afd3\" data-element_type=\"section\" data-e-type=\"section\" data-settings=\"{&quot;background_background&quot;:&quot;classic&quot;,&quot;background_image&quot;:{&quot;url&quot;:&quot;&quot;,&quot;id&quot;:&quot;&quot;,&quot;size&quot;:&quot;&quot;}}\">\n\t\t\t\t\t\t<div class=\"elementor-container elementor-column-gap-default\">\n\t\t\t\t\t<div class=\"elementor-column elementor-col-100 elementor-top-column elementor-element elementor-element-38074a5\" data-id=\"38074a5\" data-element_type=\"column\" data-e-type=\"column\">\n\t\t\t<div class=\"elementor-widget-wrap elementor-element-populated\">\n\t\t\t\t\t\t<div class=\"elementor-element elementor-element-2dbe576 elementor-widget elementor-widget-text-editor\" data-id=\"2dbe576\" data-element_type=\"widget\" data-e-type=\"widget\" data-widget_type=\"text-editor.default\">\n\t\t\t\t<div class=\"elementor-widget-container\">\n\t\t\t\t\t\t\t\t\t<p><em>Updated October 13th 2020<\/em><\/p>\n\t\t\t\t\t\t\t\t<\/div>\n\t\t\t\t<\/div>\n\t\t\t\t<div class=\"elementor-element elementor-element-92ed834 elementor-widget elementor-widget-text-editor\" data-id=\"92ed834\" data-element_type=\"widget\" data-e-type=\"widget\" data-widget_type=\"text-editor.default\">\n\t\t\t\t<div class=\"elementor-widget-container\">\n\t\t\t\t\t\t\t\t\t<h3>TERMS AND CONDITIONS<\/h3><p><a href=\"https:\/\/flourish.se\/en\/term-of-use\/\">Read more<\/a><span style=\"text-decoration: underline;\"><span style=\"color: #000000; text-decoration: underline;\"><br \/><\/span><\/span><\/p><h3>PRIVACY POLICY<\/h3><p><a href=\"https:\/\/flourish.se\/en\/privacy-policy\/\">Read more<\/a><\/p><h3>INTEGRITY POLICY<\/h3><p><a href=\"https:\/\/flourish.se\/en\/privacy-policy-2\/\">Read more<\/a><span style=\"text-decoration: underline; color: #000000;\"><br \/><\/span><\/p><h3 style=\"color: #333333;\">SUB-PROCESSORS<\/h3><p>Amazon Web services (Partner for data processing and storage)<\/p><p>Microsoft Azure (Partner for data processing and storage)<\/p><p>MongoDB Atlas (Partner for data processing and storage) &#8211; <a href=\"https:\/\/www.mongodb.com\/legal\/privacy-policy\" target=\"_blank\" rel=\"noopener\">https:\/\/www.mongodb.com\/legal\/privacy-policy<\/a><\/p><p>MailChimp (Partner for mail processing)\u2013 <a href=\"https:\/\/blog.mailchimp.com\/tag\/gdpr\/\" target=\"_blank\" rel=\"noopener\">https:\/\/blog.mailchimp.com\/tag\/gdpr\/<\/a><\/p><p>Zapier (Partner for data processing) \u2013 <a href=\"https:\/\/zapier.com\/help\/gdpr\/\" target=\"_blank\" rel=\"noopener\">https:\/\/zapier.com\/help\/gdpr\/<\/a><\/p><p>Slack (Partner for data processing) \u2013 <a href=\"https:\/\/slack.com\/intl\/en-se\/gdpr\" target=\"_blank\" rel=\"noopener\">https:\/\/slack.com\/intl\/en-se\/gdpr<\/a><\/p><p>Meta\/Messenger (Partner for data processing) &#8211; <a href=\"https:\/\/sv-se.facebook.com\/business\/gdpr\" target=\"_blank\" rel=\"noopener\">https:\/\/sv-se.facebook.com\/business\/gdpr<\/a><\/p><p>Hotjar \u2013 (Partner for data processing) <a href=\"https:\/\/www.hotjar.com\/legal\/compliance\/gdpr-commitment\/\" target=\"_blank\" rel=\"noopener\">https:\/\/www.hotjar.com\/legal\/compliance\/gdpr-commitment\/<\/a><\/p><p>Google Analytics (Partner for data processing) \u2013 <a href=\"https:\/\/privacy.google.com\/businesses\/compliance\/\" target=\"_blank\" rel=\"noopener\">https:\/\/privacy.google.com\/businesses\/compliance\/<\/a><\/p>\t\t\t\t\t\t\t\t<\/div>\n\t\t\t\t<\/div>\n\t\t\t\t\t<\/div>\n\t\t<\/div>\n\t\t\t\t\t<\/div>\n\t\t<\/section>\n\t\t\t\t<\/div>\n\t\t","protected":false},"excerpt":{"rendered":"<p>Legal information ORGANIZATIONAL INFORMATION Jumx Tech ABSwedish Organization Number: 559173-6482VAT: SE559173648201 Visiting Address:Founders loftVera Sandbergs All\u00e9 5B411 33 G\u00f6teborg Postal Address:Flourish, Founders loft, Vera Sandbergs All\u00e9 5B, 411 33 G\u00f6teborg Updated October 13th 2020 TERMS AND CONDITIONS Read more PRIVACY POLICY Read more INTEGRITY POLICY Read more SUB-PROCESSORS Amazon Web services (Partner for data processing [&hellip;]<\/p>\n","protected":false},"author":30,"featured_media":0,"parent":0,"menu_order":0,"comment_status":"closed","ping_status":"closed","template":"","meta":{"inline_featured_image":false,"footnotes":""},"class_list":["post-13738","page","type-page","status-publish","hentry"],"_links":{"self":[{"href":"https:\/\/flourish.se\/en\/wp-json\/wp\/v2\/pages\/13738","targetHints":{"allow":["GET"]}}],"collection":[{"href":"https:\/\/flourish.se\/en\/wp-json\/wp\/v2\/pages"}],"about":[{"href":"https:\/\/flourish.se\/en\/wp-json\/wp\/v2\/types\/page"}],"author":[{"embeddable":true,"href":"https:\/\/flourish.se\/en\/wp-json\/wp\/v2\/users\/30"}],"replies":[{"embeddable":true,"href":"https:\/\/flourish.se\/en\/wp-json\/wp\/v2\/comments?post=13738"}],"version-history":[{"count":0,"href":"https:\/\/flourish.se\/en\/wp-json\/wp\/v2\/pages\/13738\/revisions"}],"wp:attachment":[{"href":"https:\/\/flourish.se\/en\/wp-json\/wp\/v2\/media?parent=13738"}],"curies":[{"name":"wp","href":"https:\/\/api.w.org\/{rel}","templated":true}]}}